{"id":142,"date":"2015-12-25T14:15:36","date_gmt":"2015-12-25T14:15:36","guid":{"rendered":"http:\/\/valegarddesign-wp.local\/?page_id=142"},"modified":"2026-01-27T13:12:32","modified_gmt":"2026-01-27T12:12:32","slug":"om-mig","status":"publish","type":"page","link":"https:\/\/valegarddesign.se\/en\/om-mig\/","title":{"rendered":"About me"},"content":{"rendered":"<p>Welcome to my web site with handmade science inspired silver jewelry!<\/p>\n<figure id=\"attachment_1219\" aria-describedby=\"caption-attachment-1219\" style=\"width: 228px\" class=\"wp-caption alignright\"><img loading=\"lazy\" decoding=\"async\" class=\"wp-image-1219\" src=\"https:\/\/valegarddesign.se\/wp\/content\/uploads\/2018\/03\/dna_web-300x300.jpg\" alt=\"\" width=\"228\" height=\"228\" srcset=\"https:\/\/valegarddesign.se\/wp\/content\/uploads\/2018\/03\/dna_web-300x300.jpg 300w, https:\/\/valegarddesign.se\/wp\/content\/uploads\/2018\/03\/dna_web-150x150.jpg 150w, https:\/\/valegarddesign.se\/wp\/content\/uploads\/2018\/03\/dna_web-768x768.jpg 768w, https:\/\/valegarddesign.se\/wp\/content\/uploads\/2018\/03\/dna_web-180x180.jpg 180w, https:\/\/valegarddesign.se\/wp\/content\/uploads\/2018\/03\/dna_web-600x600.jpg 600w, https:\/\/valegarddesign.se\/wp\/content\/uploads\/2018\/03\/dna_web.jpg 900w\" sizes=\"auto, (max-width: 228px) 100vw, 228px\" \/><figcaption id=\"caption-attachment-1219\" class=\"wp-caption-text\">DNA with gold mutation<\/figcaption><\/figure>\n<p>On this site you will find a selection of silver jewelry designed and made by me, Karin Valeg\u00e5rd. January 2013 I started my business Valeg\u00e5rd Design. On September 27, 2017, I transformed into a limited company.<\/p>\n<p><img decoding=\"async\" class=\"left alignleft\" src=\"http:\/\/valegarddesign.se\/images\/karin.jpg\" alt=\"\" \/><\/p>\n<p>After many years as a researcher and protein crystallographer, I'm now a silver artist. Being able to combine science with silversmithing is fantastic. Protein structures, small molecules, DNA and RNA, all have beautiful shapes and in silver wire I form them into unique silver jewelry.<\/p>\n<p>I left science 2017 and I am now focused on designing and manufacturing science jewelry in silver\/gold, jewelry and I am also inspired by science in other areas.<\/p>\n<p>In collaboration with the Nobel Museum, I design silver jewelry that highlights the Nobel Prize in Physics, Physiology\/Medicine and Chemistry. A beautiful scientific jewelry arouses curiosity.<\/p>\n<p>I make jewelry in the form of necklaces, bracelets, earrings, rings and jacket pins. All my jewelry is made by hand in Silver925 and sometimes combined with 18K gold. My silver chains are marked with my VALE tag and the silver stamp 925 (Sterling silver 925).<\/p>\n<p>You can find my jewelry here in my web shop and in the shop at the Nobel Museum in Stockholm.<\/p>\n<p>Fast delivery. The silver jewelery is sent as registered mail.<\/p>\n<p>Feel free to contact me if you have any questions.<\/p>\n<h2>Exhibitions<\/h2>\n<p class=\"translation-block\">December 2025, Christmas market,  Herresta Lada, Odensala<\/p>\n<p>December 2025 &amp; Januari 2026. \u201dNobel jewlery,\u201d, Medicinhistoriska museet, Uppsala<\/p>\n<p>December 2025, Uppsala Historiska Julmarknad, S:t Eriks torg, Uppsala<\/p>\n<p>December 2025, Christmas market, Cytiva, Uppsala<\/p>\n<p>November 2025, Local Femmes Christmas market, UKK, Uppsala<\/p>\n<p>October 2025, Charity Art Expo, Sergels torg 3, Lilla Studion, Kulturhuset, Stockholm<\/p>\n<p>October 2025, Design Market, Uppsala Konsert &amp; Kongress, Uppsala<\/p>\n<p>July 2025, \u201dHandgjorda silversmycken inspirerade av vetenskap\u201d, Hantverksm\u00e4ssa i B\u00e5stad<\/p>\n<p class=\"translation-block\">July 2025, \u201dNobelsmycken-och andra vetenskapssmycken\u201d, Galleri Upsala, Uppsala<\/p>\n<p>May 2025, Charity Art Expo, Stadsg\u00e5rdterminalen, Stockholm<\/p>\n<p>May 2025, Local Femmes v\u00e5rmarknad, V\u00e4ven, Ume\u00e5<\/p>\n<p>December 2024, Christmas market, <a href=\"http:\/\/www.herrestalada.com\">Herresta Lada<\/a>, Odensala<\/p>\n<p>December 2024, \u201dNobel jewlery,\u201d Medicinhistoriska museet, Uppsala<\/p>\n<p>December 2024, Uppsala Historiska Julmarknad, S:t Eriks torg, Uppsala<\/p>\n<p>December 2024, Christmas market, Hubben, Uppsala Science Park, Uppsala<\/p>\n<p>November 2024, &#8221;Vetenskapssmycken&#8221;, Cytiva, Uppsala<\/p>\n<p>October 2024, <span class=\"x193iq5w xeuugli x13faqbe x1vvkbs xlh3980 xvmahel x1n0sxbx x1lliihq x1s928wv xhkezso x1gmr53x x1cpjm7i x1fgarty x1943h6x xudqn12 x3x7a5m x6prxxf xvq8zen xo1l8bm xzsf02u x1yc453h\" dir=\"auto\">Autumn Market, Hubben, Uppsala Science Park, Uppsala<\/span><\/p>\n<p>October 2024, <a href=\"https:\/\/lakemedelsverket.se\/\">Medical Products Agency<\/a>, Uppsala<\/p>\n<p>July 2024, \u201cHandmade silver jewelry inspired by Science\u201d, Hantverksm\u00e4ssa in B\u00e5stad<\/p>\n<p>May 2024, \u201cScience jewelry\u201d, Cytiva, Uppsala<\/p>\n<p>April\/May 2024, \u201cNobelsmycken-och andra vetensskapssmycken\u201d, <a href=\"http:\/\/www.galleriuppsala.se\/\">Galleri Upsala<\/a>, Uppsala<\/p>\n<p>April 2024, Art Show, Galleri Zeitgeist, Saluhallen, Uppsala<\/p>\n<p>April 2024, V\u00e5rmarknad, Hubben, Uppsala Science Park, Uppsala<\/p>\n<p>December 2023, Christmas market, Hubben, Uppsala Science Park, Uppsala<\/p>\n<p>December 2023, \"Nobel jewelry\", Museum of Medical History, Uppsala<\/p>\n<p>December 2023, Christmas market, Walmstedtska kulturkvarteret, Uppsala<\/p>\n<p>December 2023, Christmas market, <a href=\"http:\/\/www.herrestalada.com\">Herresta Lada<\/a>, Odensala<span id=\"result_box\" class=\"\" lang=\"sv\"><\/span><\/p>\n<p>November 2023, \u201cScience jewelry\u201d, Cytiva, Uppsala<\/p>\n<p>September 2023, <span class=\"x193iq5w xeuugli x13faqbe x1vvkbs xlh3980 xvmahel x1n0sxbx x1lliihq x1s928wv xhkezso x1gmr53x x1cpjm7i x1fgarty x1943h6x xudqn12 x3x7a5m x6prxxf xvq8zen xo1l8bm xzsf02u x1yc453h\" dir=\"auto\">Autumn Market, Hubben, Uppsala Science Park, Uppsala<br \/>\n<\/span><\/p>\n<p>September 2023, Skeppskajens market, Uppsala<\/p>\n<p>August 2023, Art Show, Galleri Zeitgeist, Saluhallen, Uppsala<\/p>\n<p>July 2023,\u00a0\u201cHandmade silver jewelry inspired by Science\u201d, Hantverksm\u00e4ssa in B\u00e5stad<\/p>\n<p>May 2023, V\u00e5rmarknad, MagasinX, Uppsala<\/p>\n<p>May 2023, \u201cScience jewelry\u201d, Hubben, Uppsala Science Park, Uppsala<\/p>\n<p>April\/May 2022, \u201cScience &amp; Art\u201d, <a href=\"http:\/\/www.galleriuppsala.se\/\">Galleri Upsala<\/a>, Uppsala<\/p>\n<p>March 2023, V\u00e5rmarknad, Hubben, Uppsala Science Park, Uppsala<\/p>\n<p>December 2022, Christmas market, Radisson Blu, Uppsala<\/p>\n<p>December 2022, Christmas market, Hubben, Uppsala Science Park, Uppsala<\/p>\n<p>December 2022, <span class=\"VIiyi\" lang=\"en\"><span class=\"JLqJ4b ChMk0b\" data-language-for-alternatives=\"en\" data-language-to-translate-into=\"sv\" data-phrase-index=\"0\">Christmas market<\/span><\/span> , <span id=\"result_box\" class=\"\" lang=\"sv\">Walmstedtska kulturkvarteret, Uppsala<\/span><\/p>\n<p>November\/December 2022, <span class=\"VIiyi\" lang=\"en\"><span class=\"JLqJ4b ChMk0b\" data-language-for-alternatives=\"en\" data-language-to-translate-into=\"sv\" data-phrase-index=\"0\">Christmas market<\/span><\/span> , <a href=\"http:\/\/www.herrestalada.com\" target=\"_blank\" rel=\"noopener\">Herresta Lada<\/a>,<span id=\"result_box\" class=\"\" lang=\"sv\"> Odensala<\/span><\/p>\n<p>November 2022, Cytiva, Bol\u00e4nderna, Uppsala<\/p>\n<p>November 2022, Art Show, Galleri Zeitgeist, Saluhallen, Uppsala<\/p>\n<p>October 2022, H\u00f6stmarknad, Hubben, Uppsala Science Park, Uppsala<\/p>\n<p>October 2022, \u201cHandgjorda silversmycken inspirerade av vetenskap\u201d, <a href=\"https:\/\/www.klovern.se\/sv\/uppsala-business-park\/\">Uppsala Business Park<\/a>, Fyrislund, Uppsala<\/p>\n<p>September 2022, \u201cScience jewelry\u201d, Hubben, Uppsala Science Park, Uppsala<\/p>\n<p>August 2022, Sigtuna M\u00f6te, <a href=\"http:\/\/www.herrestalada.com\">Herresta Lada<\/a>, Odensala<\/p>\n<p>July 2022,\u00a0\u201cHandmade silver jewelry inspired by Science\u201d, Hantverksm\u00e4ssa in B\u00e5stad<\/p>\n<p>June 2022,\u00a0\u201cScience &amp; Art\u201d, <a href=\"https:\/\/www.klovern.se\/sv\/uppsala-business-park\/\">Uppsala Business Park<\/a>, Fyrislund, Uppsala<\/p>\n<p>May 2022, \u201cScience &amp; Art\u201d, Hubben, Uppsala Science Park, Uppsala<\/p>\n<p>April\/May 2022, \u201cScience &amp; Art\u201d, <a href=\"http:\/\/www.galleriuppsala.se\/\">Galleri Upsala<\/a>, Uppsala<\/p>\n<p>April 2022, <span class=\"VIiyi\" lang=\"en\"><span class=\"JLqJ4b ChMk0b\" data-language-for-alternatives=\"en\" data-language-to-translate-into=\"sv\" data-phrase-index=\"0\">Odensala art round<\/span><\/span> , <a href=\"http:\/\/www.herrestalada.com\" target=\"_blank\" rel=\"noopener\">Herresta Lada<\/a>,<span id=\"result_box\" class=\"\" lang=\"sv\"> Odensala<\/span><\/p>\n<p>April 2022, Spring market, Hubben, Uppsala Science Park, Uppsala<\/p>\n<p>March 2022, Design och Konstmarknad, Galleri Zeitgeist, Saluhallen, Uppsala<\/p>\n<p>December 2021, Christmas market, Hubben, Uppsala Science Park, Uppsala<\/p>\n<p>December 2021, Christmas market, L\u00f6fstad slott, Norrk\u00f6ping<span id=\"result_box\" class=\"\" lang=\"sv\"><\/span><\/p>\n<p>November\/December 2021, <span class=\"VIiyi\" lang=\"en\"><span class=\"JLqJ4b ChMk0b\" data-language-for-alternatives=\"en\" data-language-to-translate-into=\"sv\" data-phrase-index=\"0\">Christmas market<\/span><\/span> , <a href=\"http:\/\/www.herrestalada.com\" target=\"_blank\" rel=\"noopener\">Herresta Lada<\/a>,<span id=\"result_box\" class=\"\" lang=\"sv\"> Odensala<\/span><\/p>\n<p>September 2021, <span class=\"VIiyi\" lang=\"en\"><span class=\"JLqJ4b ChMk0b\" data-language-for-alternatives=\"en\" data-language-to-translate-into=\"sv\" data-phrase-index=\"0\">Odensala art round<\/span><\/span> , <a href=\"http:\/\/www.herrestalada.com\" target=\"_blank\" rel=\"noopener\">Herresta Lada<\/a>,<span id=\"result_box\" class=\"\" lang=\"sv\"> Odensala<\/span><\/p>\n<p>August 2021, Sigtuna m\u00f6tesrunda, <a href=\"http:\/\/www.herrestalada.com\" target=\"_blank\" rel=\"noopener\">Herresta Lada<\/a>,<span id=\"result_box\" class=\"\" lang=\"sv\"> Odensala<br \/>\n<\/span><\/p>\n<p>July 2021, \u201cSilver jewelry inspired by science\u201d, <a href=\"http:\/\/www.galleriuppsala.se\/\">Galleri Upsala<\/a>, Uppsala<\/p>\n<p>December 2020, <a href=\"http:\/\/www.akademiska.se\/\" target=\"_blank\" rel=\"noopener\">Akademiska sjukhuset<\/a>, Uppsala<\/p>\n<p>July 2020, \u201cSilver jewelry inspired by science\u201d, <a href=\"http:\/\/www.galleriuppsala.se\/\">Galleri Upsala<\/a>, Uppsala<\/p>\n<p>June 2020, \u201cMinimarknad\u201d, <a href=\"https:\/\/www.sticksparet.se\/designbutiken\/\" target=\"_blank\" rel=\"noopener\"><span class=\"tlid-translation translation\" lang=\"en\"><span class=\"\" title=\"\">Sticksp\u00e5ret design shop<\/span><\/span><\/a>, Uppsala<\/p>\n<p>March 2020, Art Show, Galleri Zeitgeist, Saluhallen, Uppsala<\/p>\n<p>December 2019, Christmas market, Hubben, Uppsala Science Park, Uppsala<\/p>\n<p>December 2019, Christmas market, <a href=\"https:\/\/www.linneskammare.se\/\" target=\"_blank\" rel=\"noopener\">Linn\u00e9s Kammare<\/a>, Jumkil<\/p>\n<p>December 2019, Christmas market, Radisson Blu Hotel, Uppsala<\/p>\n<p>November 2019, Art Show, Galleri Zeitgeist, Saluhallen, Uppsala<\/p>\n<p>November 2019, <a href=\"http:\/\/www3.gehealthcare.se\/\" target=\"_blank\" rel=\"noopener\">GE Healthcare<\/a>, Bol\u00e4nderna, Uppsala<\/p>\n<p>October 2019, <a href=\"https:\/\/www.klovern.se\/sv\/uppsala-business-park\/\" target=\"_blank\" rel=\"noopener\">Uppsala Business Park<\/a>, Fyrislund, Uppsala<\/p>\n<p><span class=\"tlid-translation translation\" lang=\"en\"><span class=\"\" title=\"\">October 2019, <a href=\"https:\/\/www.sticksparet.se\/designbutiken\/\" target=\"_blank\" rel=\"noopener\">Sticksp\u00e5ret design shop<\/a><\/span><\/span>, Uppsala<\/p>\n<p>October 2019, Hubben, Uppsala Science Park, Uppsala<\/p>\n<p>September 2019, <span class=\"tlid-translation translation\" lang=\"en\"><span class=\"\" title=\"\">Culture Night<\/span><\/span>, Norrk\u00f6ping<\/p>\n<p>September 2019, <span class=\"tlid-translation translation\" lang=\"en\"><span class=\"\" title=\"\">Culture Night<\/span><\/span>, Uppsala<\/p>\n<p>August\/September 2019, <a href=\"https:\/\/www.ulvakvarn.com\/index.php\/missa-inte\/ulva-marknad\/\" target=\"_blank\" rel=\"noopener\">Ulva market<\/a>, Uppsala<\/p>\n<p>July 2019, \u201cSilver jewelry inspired by science\u201d, Galleri Upsala, Uppsala <a href=\"http:\/\/www.galleriuppsala.se\/\">Galleri Upsala<\/a>, Uppsala<\/p>\n<p>April 2019, <a href=\"http:\/\/www.teknat.uu.se\/samverkan\/scicruise\/\" target=\"_blank\" rel=\"noopener\">SciCruise<\/a>, Stockholm-Turko<\/p>\n<p>April 2019, <a href=\"http:\/\/www3.gehealthcare.se\/\" target=\"_blank\" rel=\"noopener\">GE Healthcare<\/a>, Bol\u00e4nderna, Uppsala<\/p>\n<p>March 2019, <a href=\"https:\/\/www.klovern.se\/sv\/uppsala-business-park\/\" target=\"_blank\" rel=\"noopener\">Uppsala Business Park<\/a>, Uppsala<\/p>\n<p>March 2019, <a href=\"https:\/\/www.scifest.uu.se\/\" target=\"_blank\" rel=\"noopener\">SciFest<\/a>, Uppsala<\/p>\n<p>November 2018, <a href=\"http:\/\/www3.gehealthcare.se\/\" target=\"_blank\" rel=\"noopener\">GE Healthcare<\/a>, Bol\u00e4nderna, Uppsala<\/p>\n<p>November 2018, <a href=\"https:\/\/www.klovern.se\/sv\/uppsala-business-park\/\" target=\"_blank\" rel=\"noopener\">Uppsala Business Park<\/a>, Uppsala<\/p>\n<p>September 2018, <a href=\"https:\/\/www.ulvakvarn.com\/index.php\/missa-inte\/ulva-marknad\/\" target=\"_blank\" rel=\"noopener\">Ulva market<\/a>, Uppsala<\/p>\n<p>April 2018, <a href=\"http:\/\/www.teknat.uu.se\/samverkan\/scicruise\/\" target=\"_blank\" rel=\"noopener\">SciCruise<\/a>, Stockholm-Turko<\/p>\n<p>March 2018, <a href=\"https:\/\/www.scifest.uu.se\/\" target=\"_blank\" rel=\"noopener\">SciFest<\/a>, Uppsala<\/p>\n<p>December 2017, <a href=\"https:\/\/liu.se\/en\/article\/wcmm-symposium-2017\" target=\"_blank\" rel=\"noopener\">Wallenberg Center for Molecule Medicine symposium, Link\u00f6ping<\/a><\/p>\n<p>Juni 2017, <a href=\"http:\/\/sweprot.se\/\" target=\"_blank\" rel=\"noopener\">Structure biology conference, T\u00e4llberg<\/a><\/p>\n<p>November 2016, \u201cAll light on Uppsala\u201d, <a href=\"http:\/\/www.galleriuppsala.se\/\">Galleri Upsala<\/a>, Uppsala<\/p>\n<p>September 2016, <a href=\"http:\/\/www.akademiska.se\/\" target=\"_blank\" rel=\"noopener\">Akademiska sjukhuset<\/a>, Uppsala<\/p>\n<p>April 2016, <a href=\"https:\/\/lakemedelsverket.se\/\">Medical Products Agency<\/a>, Uppsala<span id=\"result_box\" class=\"\" lang=\"sv\"><\/span><\/p>\n<p>October 2015, \u201cLight at Gallery Upsala\u201d, <a href=\"http:\/\/www.galleriuppsala.se\/\">Galleri Upsala<\/a>, Uppsala<\/p>\n<h2>Press<\/h2>\n<p><a href=\"http:\/\/www.entreprenorden.se\/sommarinspirator-valegard-design\/\" target=\"_blank\" rel=\"noopener\">Sommarinspirat\u00f6r - Valeg\u00e5rd Design<\/a> (Entrepren\u00f6rden, 2020)<\/p>\n<p><a href=\"https:\/\/www.tidningencurie.se\/nyheter\/2019\/12\/16\/hon-skapar-smycken-med-inspiration-fran-vetenskap\/\" target=\"_blank\" rel=\"noopener\">Hon skapar smycken med inspiration fr\u00e5n vetenskap<\/a> (Curie, 2019)<\/p>\n<p><a href=\"https:\/\/issuu.com\/jesper.ohlsson\/docs\/ts-1-19?fbclid=IwAR3W9d4hkePY8T1KTL5BGycxl549WrknnmGTD7vypEfuKEvB31qICrX3xkg\" target=\"_blank\" rel=\"noopener\">Fr\u00e5n proteinkristallograf till silversmed<\/a> (Tid &amp; Smycken, nr 1, 2019)<\/p>\n<p><a href=\"http:\/\/ebooks.exakta.se\/parkinsonjournalen\/2019\/1901\/page_18.html\" target=\"_blank\" rel=\"noopener\">Dopamin \u2013 nu som smycke<\/a> (Parkinsonjournalen, nr 1, 2019)<\/p>\n<p><a href=\"http:\/\/valegarddesign.se\/en\/wp\/content\/uploads\/2015\/12\/Universen3-14-s20.pdf\/\">Silversmed avsl\u00f6jar kristallers hemligheter<\/a>\u00a0(Universen, 2014)<\/p>\n<h2>Resellers<\/h2>\n<h3>Sweden<\/h3>\n<p><strong>Stockholm<\/strong><\/p>\n<ul>\n<li>Nobelmuseet, Stortorget 2 (<a href=\"http:\/\/nobelcenter.se\/sv\/besok-museet\/butik\/\" target=\"_blank\" rel=\"noopener\"><em>nobelcenter.se\/visit-the-museum\/store<\/em><\/a>)<\/li>\n<\/ul>\n<p><strong>Uppsala<\/strong><\/p>\n<ul>\n<li>(Museum Gustavianum, <span class=\"_Xbe\">Akademigatan 3 (<cite class=\"_Rm\"><a href=\"http:\/\/www.gustavianum.uu.se\/\" target=\"_blank\" rel=\"noopener\">www.gustavianum.uu.se<\/a>)) closed due to renovation<\/cite><\/span><\/li>\n<\/ul>","protected":false},"excerpt":{"rendered":"<p>V\u00e4lkommen till min sida med handgjorda vetenskapsinspirerade silversmycken! H\u00e4r hittar du ett urval av silversmycken som designats och tillverkats av mig, Karin Valeg\u00e5rd. Januari 2013 startade jag mitt f\u00f6retag Valeg\u00e5rd Design som jag sedan 27 september 2017 ombildade till aktiebolag. Efter m\u00e5nga \u00e5r som forskare och proteinkristallograf \u00e4r jag nu silverkonstn\u00e4r. Att kunna kombinera vetenskap &hellip; <a href=\"https:\/\/valegarddesign.se\/en\/om-mig\/\">Continued<\/a><\/p>","protected":false},"author":1,"featured_media":0,"parent":0,"menu_order":0,"comment_status":"closed","ping_status":"closed","template":"","meta":{"_acf_changed":false,"footnotes":""},"class_list":["post-142","page","type-page","status-publish","hentry"],"acf":[],"jetpack_sharing_enabled":true,"_links":{"self":[{"href":"https:\/\/valegarddesign.se\/en\/wp-json\/wp\/v2\/pages\/142","targetHints":{"allow":["GET"]}}],"collection":[{"href":"https:\/\/valegarddesign.se\/en\/wp-json\/wp\/v2\/pages"}],"about":[{"href":"https:\/\/valegarddesign.se\/en\/wp-json\/wp\/v2\/types\/page"}],"author":[{"embeddable":true,"href":"https:\/\/valegarddesign.se\/en\/wp-json\/wp\/v2\/users\/1"}],"replies":[{"embeddable":true,"href":"https:\/\/valegarddesign.se\/en\/wp-json\/wp\/v2\/comments?post=142"}],"version-history":[{"count":172,"href":"https:\/\/valegarddesign.se\/en\/wp-json\/wp\/v2\/pages\/142\/revisions"}],"predecessor-version":[{"id":7137,"href":"https:\/\/valegarddesign.se\/en\/wp-json\/wp\/v2\/pages\/142\/revisions\/7137"}],"wp:attachment":[{"href":"https:\/\/valegarddesign.se\/en\/wp-json\/wp\/v2\/media?parent=142"}],"curies":[{"name":"wp","href":"https:\/\/api.w.org\/{rel}","templated":true}]}}