{"id":150,"date":"2015-12-26T16:13:48","date_gmt":"2015-12-26T16:13:48","guid":{"rendered":"http:\/\/valegarddesign-wp.local\/?page_id=150"},"modified":"2024-10-27T18:11:51","modified_gmt":"2024-10-27T17:11:51","slug":"bestallning","status":"publish","type":"page","link":"https:\/\/valegarddesign.se\/en\/bestallning\/","title":{"rendered":"Special order"},"content":{"rendered":"<p>If you want a protein that I don't have in my webshop, you can easily add your special order here. Unfortunately, it's not all proteins that perform well as jewelry. Once you have placed your order, I will send an email back for confirmation. I will then announce whether it is possible to make your protein or not.<\/p>\n<p>The purchaser cannot be less than 18 years old.<\/p>\n<p>If you have any questions about some jewelry - use the form.<\/p>\n<h2>Payment<\/h2>\n<p>You can pay on my bankgiro number 712-0397 or swich 123 031 72 63.<\/p>\n<h2>Prices<\/h2>\n<p>Samtliga priser inkluderar 25% moms och normal frakt inom Sverige.<\/p>\n<h2>Return<\/h2>\n<p>You can not return custom made jewelery.<\/p>\n<h2>Silver 925 &amp; silver 999<\/h2>\n<p>925 och 999 st\u00e5r f\u00f6r att smyckena best\u00e5r av 925\/1000 respektive 999\/1000 delar finsilver. Ordet sterling tros komma fr\u00e5n ordet esterlinger, under 1000-1200-talet ben\u00e4mningen p\u00e5 ett omr\u00e5de i \u00f6stra Tyskland, vars inv\u00e5nare anv\u00e4nde lokalt tillverkade silvermynt vid handelsutbyten. Silversmederna betecknade f\u00f6rem\u00e5len gjorda av esterlingsilver (sterlingsilver), vara av en h\u00f6g och j\u00e4mn kvalitet.<\/p>","protected":false},"excerpt":{"rendered":"<p>Om du vill ha n\u00e5got protein som jag inte har i min webbshop kan du h\u00e4r enkelt l\u00e4gga in din specialbest\u00e4llning. Tyv\u00e4rr \u00e4r inte det inte alla proteiner som g\u00f6r sig bra som smycke. N\u00e4r du gjort din best\u00e4llning skickar jag ett mail tillbaka som bekr\u00e4ftelse. Jag meddelar d\u00e5 om det \u00e4r m\u00f6jligt att g\u00f6ra &hellip; <a href=\"https:\/\/valegarddesign.se\/en\/bestallning\/\">Continued<\/a><\/p>","protected":false},"author":1,"featured_media":0,"parent":0,"menu_order":0,"comment_status":"closed","ping_status":"closed","template":"templates\/page-order.php","meta":{"_acf_changed":false,"footnotes":""},"class_list":["post-150","page","type-page","status-publish","hentry"],"acf":[],"jetpack_sharing_enabled":true,"_links":{"self":[{"href":"https:\/\/valegarddesign.se\/en\/wp-json\/wp\/v2\/pages\/150","targetHints":{"allow":["GET"]}}],"collection":[{"href":"https:\/\/valegarddesign.se\/en\/wp-json\/wp\/v2\/pages"}],"about":[{"href":"https:\/\/valegarddesign.se\/en\/wp-json\/wp\/v2\/types\/page"}],"author":[{"embeddable":true,"href":"https:\/\/valegarddesign.se\/en\/wp-json\/wp\/v2\/users\/1"}],"replies":[{"embeddable":true,"href":"https:\/\/valegarddesign.se\/en\/wp-json\/wp\/v2\/comments?post=150"}],"version-history":[{"count":17,"href":"https:\/\/valegarddesign.se\/en\/wp-json\/wp\/v2\/pages\/150\/revisions"}],"predecessor-version":[{"id":6005,"href":"https:\/\/valegarddesign.se\/en\/wp-json\/wp\/v2\/pages\/150\/revisions\/6005"}],"wp:attachment":[{"href":"https:\/\/valegarddesign.se\/en\/wp-json\/wp\/v2\/media?parent=150"}],"curies":[{"name":"wp","href":"https:\/\/api.w.org\/{rel}","templated":true}]}}