{"id":3091,"date":"2020-03-08T13:34:49","date_gmt":"2020-03-08T12:34:49","guid":{"rendered":"https:\/\/valegarddesign.se\/?page_id=3091"},"modified":"2026-01-27T16:37:52","modified_gmt":"2026-01-27T15:37:52","slug":"press","status":"publish","type":"page","link":"https:\/\/valegarddesign.se\/en\/press\/","title":{"rendered":"Press"},"content":{"rendered":"<p>Karin Valeg\u00e5rd &#8211; vetenskap i silver (Kulturnytt, 5 december 2025)<\/p>\n<p><a href=\"http:\/\/www.entreprenorden.se\/sommarinspirator-valegard-design\/\" target=\"_blank\" rel=\"noopener\">Sommarinspirat\u00f6r - Valeg\u00e5rd Design<\/a> (Entrepren\u00f6rden, 2020)<\/p>\n<p><a href=\"https:\/\/www.tidningencurie.se\/nyheter\/2019\/12\/16\/hon-skapar-smycken-med-inspiration-fran-vetenskap\/\" target=\"_blank\" rel=\"noopener\">Hon skapar smycken med inspiration fr\u00e5n vetenskap<\/a> (Curie, 2019)<\/p>\n<p><a href=\"https:\/\/issuu.com\/jesper.ohlsson\/docs\/ts-1-19?fbclid=IwAR3W9d4hkePY8T1KTL5BGycxl549WrknnmGTD7vypEfuKEvB31qICrX3xkg\" target=\"_blank\" rel=\"noopener\">Fr\u00e5n proteinkristallograf till silversmed<\/a> (Tid &amp; Smycken, nr 1, 2019)<\/p>\n<p><a href=\"http:\/\/ebooks.exakta.se\/parkinsonjournalen\/2019\/1901\/page_18.html\" target=\"_blank\" rel=\"noopener\">Dopamin \u2013 nu som smycke<\/a> (Parkinsonjournalen, nr 1, 2019)<\/p>\n<p><a href=\"http:\/\/valegarddesign.se\/en\/wp\/content\/uploads\/2015\/12\/Universen3-14-s20.pdf\/\">Silversmed avsl\u00f6jar kristallers hemligheter<\/a> (Universen, 2014)<\/p>","protected":false},"excerpt":{"rendered":"<p>Karin Valeg\u00e5rd &#8211; vetenskap i silver (Kulturnytt, 5 december 2025) Sommarinspirat\u00f6r &#8211; Valeg\u00e5rd Design (Entrepren\u00f6rden, 2020) Hon skapar smycken med inspiration fr\u00e5n vetenskap (Curie, 2019) Fr\u00e5n proteinkristallograf till silversmed (Tid &amp; Smycken, nr 1, 2019) Dopamin \u2013 nu som smycke (Parkinsonjournalen, nr 1, 2019) Silversmed avsl\u00f6jar kristallers hemligheter (Universen, 2014)<\/p>","protected":false},"author":1,"featured_media":0,"parent":0,"menu_order":0,"comment_status":"closed","ping_status":"closed","template":"","meta":{"_acf_changed":false,"footnotes":""},"class_list":["post-3091","page","type-page","status-publish","hentry"],"acf":[],"jetpack_sharing_enabled":true,"_links":{"self":[{"href":"https:\/\/valegarddesign.se\/en\/wp-json\/wp\/v2\/pages\/3091","targetHints":{"allow":["GET"]}}],"collection":[{"href":"https:\/\/valegarddesign.se\/en\/wp-json\/wp\/v2\/pages"}],"about":[{"href":"https:\/\/valegarddesign.se\/en\/wp-json\/wp\/v2\/types\/page"}],"author":[{"embeddable":true,"href":"https:\/\/valegarddesign.se\/en\/wp-json\/wp\/v2\/users\/1"}],"replies":[{"embeddable":true,"href":"https:\/\/valegarddesign.se\/en\/wp-json\/wp\/v2\/comments?post=3091"}],"version-history":[{"count":6,"href":"https:\/\/valegarddesign.se\/en\/wp-json\/wp\/v2\/pages\/3091\/revisions"}],"predecessor-version":[{"id":7138,"href":"https:\/\/valegarddesign.se\/en\/wp-json\/wp\/v2\/pages\/3091\/revisions\/7138"}],"wp:attachment":[{"href":"https:\/\/valegarddesign.se\/en\/wp-json\/wp\/v2\/media?parent=3091"}],"curies":[{"name":"wp","href":"https:\/\/api.w.org\/{rel}","templated":true}]}}