{"id":1013,"date":"2018-01-01T14:51:18","date_gmt":"2018-01-01T13:51:18","guid":{"rendered":"https:\/\/valegarddesign.se\/?post_type=product&#038;p=1013"},"modified":"2025-12-01T16:03:26","modified_gmt":"2025-12-01T15:03:26","slug":"insulin","status":"publish","type":"product","link":"https:\/\/valegarddesign.se\/en\/shop\/insulin\/","title":{"rendered":"Insulin necklace in silver 925"},"content":{"rendered":"<p>Insulin pendant in silver thread.<\/p>\n<p>Insulin is a hormone which lowers blood sugar levels..<\/p>\n<p><span class=\"HwtZe\" lang=\"en\"><span class=\"jCAhz ChMk0b\"><span class=\"ryNqvb\">Insulin is a hormone which lowers blood sugar levels.<span class=\"\">Sir Frederick Banting and John McLeod were awarded the Nobel Prize in Physiology or Medicine 1923 for the discovery of insulin. <span class=\"ILfuVd\"><span class=\"hgKElc\">F. <\/span><\/span>Sanger f\u00f6r att ha best\u00e4mt insulinets aminosyrasekvens, en uppt\u00e4ckt som var grundl\u00e4ggande f\u00f6r framst\u00e4llningen av syntetiskt insulin.<\/span><\/span><\/span><\/span><\/p>\n<p>Chain length: 50 cm<\/p>\n<p>Length of the pendulum: 3 cm<\/p>","protected":false},"excerpt":{"rendered":"<p>Insulin pendant in silver thread.<\/p>\n<p><span class=\"HwtZe\" lang=\"en\"><span class=\"jCAhz ChMk0b\"><span class=\"ryNqvb\">Insulin is a hormone which lowers blood sugar levels.. <\/span><\/span><\/span><\/p>\n<p class=\"translation-block\">Sir Frederick Banting and John McLeod were awarded the Nobel Prize in Physiology or Medicine 1923 for the discovery of insulin.<\/p>\n<p><span class=\"HwtZe\" lang=\"en\"><span class=\"jCAhz ChMk0b\"><span class=\"ryNqvb\"><span class=\"\">The Nobel Prize in Chemistry 1958 was awarded to Frederick Sanger for his work on the determination of the amino acid sequence of insulin, a discovery that was fundamental to the production of synthetic insulin.<\/span><\/span><\/span><\/span><\/p>\n<p>Chain length: 50 cm<\/p>\n<p>Length of the pendulum: 3 cm<\/p>","protected":false},"featured_media":6881,"template":"","meta":{"_acf_changed":false},"product_brand":[],"product_cat":[38,43,54,46],"product_tag":[],"class_list":{"0":"post-1013","1":"product","2":"type-product","3":"status-publish","4":"has-post-thumbnail","6":"product_cat-halsband","7":"product_cat-hormon","8":"product_cat-nobel","9":"product_cat-proteins","11":"first","12":"instock","13":"taxable","14":"shipping-taxable","15":"purchasable","16":"product-type-simple"},"acf":[],"jetpack_sharing_enabled":true,"_links":{"self":[{"href":"https:\/\/valegarddesign.se\/en\/wp-json\/wp\/v2\/product\/1013","targetHints":{"allow":["GET"]}}],"collection":[{"href":"https:\/\/valegarddesign.se\/en\/wp-json\/wp\/v2\/product"}],"about":[{"href":"https:\/\/valegarddesign.se\/en\/wp-json\/wp\/v2\/types\/product"}],"wp:featuredmedia":[{"embeddable":true,"href":"https:\/\/valegarddesign.se\/en\/wp-json\/wp\/v2\/media\/6881"}],"wp:attachment":[{"href":"https:\/\/valegarddesign.se\/en\/wp-json\/wp\/v2\/media?parent=1013"}],"wp:term":[{"taxonomy":"product_brand","embeddable":true,"href":"https:\/\/valegarddesign.se\/en\/wp-json\/wp\/v2\/product_brand?post=1013"},{"taxonomy":"product_cat","embeddable":true,"href":"https:\/\/valegarddesign.se\/en\/wp-json\/wp\/v2\/product_cat?post=1013"},{"taxonomy":"product_tag","embeddable":true,"href":"https:\/\/valegarddesign.se\/en\/wp-json\/wp\/v2\/product_tag?post=1013"}],"curies":[{"name":"wp","href":"https:\/\/api.w.org\/{rel}","templated":true}]}}