{"id":2196,"date":"2019-02-18T08:15:08","date_gmt":"2019-02-18T07:15:08","guid":{"rendered":"https:\/\/valegarddesign.se\/?post_type=product&#038;p=2196"},"modified":"2025-12-11T12:25:22","modified_gmt":"2025-12-11T11:25:22","slug":"acetylkolinhalsband-i-silver","status":"publish","type":"product","link":"https:\/\/valegarddesign.se\/en\/shop\/acetylkolinhalsband-i-silver\/","title":{"rendered":"Acetylcholine necklace in silver 925"},"content":{"rendered":"<p><span title=\"Har redigerats\">Pendant of acetylcholin in 1.2 mm silver wire with N atom as oxidized silver ball.<\/span><\/p>\n<p><span data-offset-key=\"8bkds-0-0\">Acetylcholin \u00e4r en neurotransmitter, en molekyl som b\u00e4r meddelande mellan hj\u00e4rnceller.<\/span><\/p>\n<p>&nbsp;<\/p>\n<p>Chain length: 45 cm<\/p>\n<p>Length of the pendulum: 6 cm<\/p>\n<p>Chain included.<\/p>","protected":false},"excerpt":{"rendered":"<p><span title=\"Har redigerats\">Pendant of acetylcholin in 1.2 mm silver wire with N atom as oxidized silver ball.<\/span><\/p>\n<p><span data-offset-key=\"8bkds-0-0\">Acetylcholin \u00e4r en neurotransmitter, en molekyl som b\u00e4r meddelande mellan hj\u00e4rnceller.<\/span><\/p>\n<p>&nbsp;<\/p>\n<p>Chain length: 45 cm<\/p>\n<p>Length of the pendulum: 6 cm<\/p>\n<p>Chain included.<\/p>","protected":false},"featured_media":2197,"template":"","meta":{"_acf_changed":false},"product_brand":[],"product_cat":[38,39],"product_tag":[],"class_list":{"0":"post-2196","1":"product","2":"type-product","3":"status-publish","4":"has-post-thumbnail","6":"product_cat-halsband","7":"product_cat-small-molecules","9":"first","10":"instock","11":"taxable","12":"shipping-taxable","13":"purchasable","14":"product-type-simple"},"acf":[],"jetpack_sharing_enabled":true,"_links":{"self":[{"href":"https:\/\/valegarddesign.se\/en\/wp-json\/wp\/v2\/product\/2196","targetHints":{"allow":["GET"]}}],"collection":[{"href":"https:\/\/valegarddesign.se\/en\/wp-json\/wp\/v2\/product"}],"about":[{"href":"https:\/\/valegarddesign.se\/en\/wp-json\/wp\/v2\/types\/product"}],"wp:featuredmedia":[{"embeddable":true,"href":"https:\/\/valegarddesign.se\/en\/wp-json\/wp\/v2\/media\/2197"}],"wp:attachment":[{"href":"https:\/\/valegarddesign.se\/en\/wp-json\/wp\/v2\/media?parent=2196"}],"wp:term":[{"taxonomy":"product_brand","embeddable":true,"href":"https:\/\/valegarddesign.se\/en\/wp-json\/wp\/v2\/product_brand?post=2196"},{"taxonomy":"product_cat","embeddable":true,"href":"https:\/\/valegarddesign.se\/en\/wp-json\/wp\/v2\/product_cat?post=2196"},{"taxonomy":"product_tag","embeddable":true,"href":"https:\/\/valegarddesign.se\/en\/wp-json\/wp\/v2\/product_tag?post=2196"}],"curies":[{"name":"wp","href":"https:\/\/api.w.org\/{rel}","templated":true}]}}