{"id":5710,"date":"2024-03-25T09:40:30","date_gmt":"2024-03-25T08:40:30","guid":{"rendered":"https:\/\/valegarddesign.se\/?post_type=product&#038;p=5710"},"modified":"2024-10-28T09:28:46","modified_gmt":"2024-10-28T08:28:46","slug":"english-resveratrol-in-silver-925","status":"publish","type":"product","link":"https:\/\/valegarddesign.se\/en\/shop\/english-resveratrol-in-silver-925\/","title":{"rendered":"Resveratrol i Silver 925"},"content":{"rendered":"<p>H\u00e4nge av resveratrol i Silver 925 med de tre syreatomerna som silverkulor.<\/p>\n<p>Resveratrol \u00e4r en antioxidant som bildas bland annat i skalet p\u00e5 r\u00f6da vindruvor som ett f\u00f6rsvar mot angrepp av bakterier och svampar. N\u00e5gra viner med mycket resveratrol \u00e4r Pinot Noir, Merlot, Sangiovese-viner, Cabernet sauvignon och Australisk shiraz.<\/p>\n<p>Chain length: 45 cm<br \/>\nSilver chain included.<\/p>","protected":false},"excerpt":{"rendered":"<p>H\u00e4nge av resveratrol i Silver 925 med de tre syreatomerna som silverkulor.<\/p>\n<p>Resveratrol \u00e4r en antioxidant som bildas bland annat i skalet p\u00e5 r\u00f6da vindruvor som ett f\u00f6rsvar mot angrepp av bakterier och svampar. N\u00e5gra viner med mycket resveratrol \u00e4r Pinot Noir, Merlot, Sangiovese-viner, Cabernet sauvignon och Australisk shiraz.<\/p>\n<p>Chain length: 45 cm<br \/>\nChain included.<\/p>","protected":false},"featured_media":5606,"template":"","meta":{"_acf_changed":false},"product_brand":[],"product_cat":[38,39],"product_tag":[],"class_list":{"0":"post-5710","1":"product","2":"type-product","3":"status-publish","4":"has-post-thumbnail","6":"product_cat-halsband","7":"product_cat-small-molecules","9":"first","10":"instock","11":"taxable","12":"shipping-taxable","13":"purchasable","14":"product-type-simple"},"acf":[],"jetpack_sharing_enabled":true,"_links":{"self":[{"href":"https:\/\/valegarddesign.se\/en\/wp-json\/wp\/v2\/product\/5710","targetHints":{"allow":["GET"]}}],"collection":[{"href":"https:\/\/valegarddesign.se\/en\/wp-json\/wp\/v2\/product"}],"about":[{"href":"https:\/\/valegarddesign.se\/en\/wp-json\/wp\/v2\/types\/product"}],"wp:featuredmedia":[{"embeddable":true,"href":"https:\/\/valegarddesign.se\/en\/wp-json\/wp\/v2\/media\/5606"}],"wp:attachment":[{"href":"https:\/\/valegarddesign.se\/en\/wp-json\/wp\/v2\/media?parent=5710"}],"wp:term":[{"taxonomy":"product_brand","embeddable":true,"href":"https:\/\/valegarddesign.se\/en\/wp-json\/wp\/v2\/product_brand?post=5710"},{"taxonomy":"product_cat","embeddable":true,"href":"https:\/\/valegarddesign.se\/en\/wp-json\/wp\/v2\/product_cat?post=5710"},{"taxonomy":"product_tag","embeddable":true,"href":"https:\/\/valegarddesign.se\/en\/wp-json\/wp\/v2\/product_tag?post=5710"}],"curies":[{"name":"wp","href":"https:\/\/api.w.org\/{rel}","templated":true}]}}