{"id":865,"date":"2017-11-17T15:26:57","date_gmt":"2017-11-17T14:26:57","guid":{"rendered":"http:\/\/valegarddesign.se\/?post_type=product&#038;p=865"},"modified":"2026-03-19T08:38:13","modified_gmt":"2026-03-19T07:38:13","slug":"english-caffeine-earring","status":"publish","type":"product","link":"https:\/\/valegarddesign.se\/en\/shop\/english-caffeine-earring\/","title":{"rendered":"Caffeine in silver 925, earring"},"content":{"rendered":"<p>Earring with caffeine in 1.2 mm silver wire with O atoms as silver balls.<\/p>\n<p>Caffeine is a stimulant and is found naturally in coffee and tea. Caffeine may also be added to change the flavor and taste.<\/p>\n<p>Lenght: 6 cm<\/p>","protected":false},"excerpt":{"rendered":"<p>\u00d6rh\u00e4nge med koffein i silvertr\u00e5d med syreatomerna som silver kulor.<\/p>\n<p>Caffeine is a stimulant and is found naturally in coffee and tea. Caffeine may also be added to change the flavor and taste.<\/p>\n<p>Lenght: 6 cm<\/p>","protected":false},"featured_media":2558,"template":"","meta":{"_acf_changed":false},"product_brand":[],"product_cat":[47,39],"product_tag":[],"class_list":{"0":"post-865","1":"product","2":"type-product","3":"status-publish","4":"has-post-thumbnail","6":"product_cat-orhange","7":"product_cat-small-molecules","9":"first","10":"instock","11":"taxable","12":"shipping-taxable","13":"purchasable","14":"product-type-simple"},"acf":[],"jetpack_sharing_enabled":true,"_links":{"self":[{"href":"https:\/\/valegarddesign.se\/en\/wp-json\/wp\/v2\/product\/865","targetHints":{"allow":["GET"]}}],"collection":[{"href":"https:\/\/valegarddesign.se\/en\/wp-json\/wp\/v2\/product"}],"about":[{"href":"https:\/\/valegarddesign.se\/en\/wp-json\/wp\/v2\/types\/product"}],"wp:featuredmedia":[{"embeddable":true,"href":"https:\/\/valegarddesign.se\/en\/wp-json\/wp\/v2\/media\/2558"}],"wp:attachment":[{"href":"https:\/\/valegarddesign.se\/en\/wp-json\/wp\/v2\/media?parent=865"}],"wp:term":[{"taxonomy":"product_brand","embeddable":true,"href":"https:\/\/valegarddesign.se\/en\/wp-json\/wp\/v2\/product_brand?post=865"},{"taxonomy":"product_cat","embeddable":true,"href":"https:\/\/valegarddesign.se\/en\/wp-json\/wp\/v2\/product_cat?post=865"},{"taxonomy":"product_tag","embeddable":true,"href":"https:\/\/valegarddesign.se\/en\/wp-json\/wp\/v2\/product_tag?post=865"}],"curies":[{"name":"wp","href":"https:\/\/api.w.org\/{rel}","templated":true}]}}